{"id":651,"date":"2021-05-14T11:00:12","date_gmt":"2021-05-14T11:00:12","guid":{"rendered":"https:\/\/iglesiaslasarenasromo.org\/uncion-a-enfermos\/"},"modified":"2025-10-09T06:38:55","modified_gmt":"2025-10-09T06:38:55","slug":"uncion-a-enfermos","status":"publish","type":"page","link":"https:\/\/iglesiaslasarenasromo.org\/eu\/uncion-a-enfermos\/","title":{"rendered":"Gaixoen Oliadura"},"content":{"rendered":"<p>\r\n  <div id=\"page-header-1879103072\" class=\"page-header-wrapper\">\n  <div class=\"page-title dark featured-title\">\n\n    \n    <div class=\"page-title-inner container align-center text-center flex-row-col medium-flex-wrap\" >\n              <div class=\"title-wrapper flex-col\">\n          <h1 class=\"entry-title mb-0\">\n            Areetako eta Erromoko Elizak          <\/h1>\n        <\/div>\n                    <div class=\"title-content flex-col\">\n        <div class=\"title-share pt-half pb-half\"><div class=\"social-icons share-icons share-row relative\" ><a href=\"whatsapp:\/\/send?text=Gaixoen%20Oliadura - https:\/\/iglesiaslasarenasromo.org\/eu\/uncion-a-enfermos\/\" data-action=\"share\/whatsapp\/share\" class=\"icon button circle is-outline tooltip whatsapp show-for-medium\" title=\"Share on WhatsApp\"><i class=\"icon-whatsapp\"><\/i><\/a><a href=\"https:\/\/www.facebook.com\/sharer.php?u=https:\/\/iglesiaslasarenasromo.org\/eu\/uncion-a-enfermos\/\" data-label=\"Facebook\" onclick=\"window.open(this.href,this.title,'width=500,height=500,top=300px,left=300px');  return false;\" rel=\"noopener noreferrer nofollow\" target=\"_blank\" class=\"icon button circle is-outline tooltip facebook\" title=\"Share on Facebook\"><i class=\"icon-facebook\" ><\/i><\/a><a href=\"https:\/\/twitter.com\/share?url=https:\/\/iglesiaslasarenasromo.org\/eu\/uncion-a-enfermos\/\" onclick=\"window.open(this.href,this.title,'width=500,height=500,top=300px,left=300px');  return false;\" rel=\"noopener noreferrer nofollow\" target=\"_blank\" class=\"icon button circle is-outline tooltip twitter\" title=\"Share on Twitter\"><i class=\"icon-twitter\" ><\/i><\/a><a href=\"mailto:enteryour@addresshere.com?subject=Gaixoen%20Oliadura&amp;body=Check%20this%20out:%20https:\/\/iglesiaslasarenasromo.org\/eu\/uncion-a-enfermos\/\" rel=\"nofollow\" class=\"icon button circle is-outline tooltip email\" title=\"Email to a Friend\"><i class=\"icon-envelop\" ><\/i><\/a><a href=\"https:\/\/pinterest.com\/pin\/create\/button\/?url=https:\/\/iglesiaslasarenasromo.org\/eu\/uncion-a-enfermos\/&amp;media=&amp;description=Gaixoen%20Oliadura\" onclick=\"window.open(this.href,this.title,'width=500,height=500,top=300px,left=300px');  return false;\" rel=\"noopener noreferrer nofollow\" target=\"_blank\" class=\"icon button circle is-outline tooltip pinterest\" title=\"Pin on Pinterest\"><i class=\"icon-pinterest\" ><\/i><\/a><a href=\"https:\/\/www.linkedin.com\/shareArticle?mini=true&url=https:\/\/iglesiaslasarenasromo.org\/eu\/uncion-a-enfermos\/&title=Gaixoen%20Oliadura\" onclick=\"window.open(this.href,this.title,'width=500,height=500,top=300px,left=300px');  return false;\"  rel=\"noopener noreferrer nofollow\" target=\"_blank\" class=\"icon button circle is-outline tooltip linkedin\" title=\"Share on LinkedIn\"><i class=\"icon-linkedin\" ><\/i><\/a><\/div><\/div>      <\/div>\n    <\/div>\n\n       <\/div>\n    <\/div>\n  \r\n\r\n\n  <div class=\"banner has-hover hide-for-small\" id=\"banner-591133686\">\n          <div class=\"banner-inner fill\">\n        <div class=\"banner-bg fill\" >\n            <div class=\"bg fill bg-fill \"><\/div>\n                        <div class=\"overlay\"><\/div>            \n                    <\/div>\n        <div class=\"banner-layers container\">\n            <div class=\"fill banner-link\"><\/div>            \r\n\r\n\r\n        <\/div>\n      <\/div>\n\n            \n<style>\n#banner-591133686 {\n  padding-top: 169px;\n}\n#banner-591133686 .bg.bg-loaded {\n  background-image: url(https:\/\/iglesiaslasarenasromo.org\/wp-content\/uploads\/2021\/05\/logo-parroquia-792x1024.png);\n}\n#banner-591133686 .overlay {\n  background-color: rgba(0, 0, 0, 0.0);\n}\n#banner-591133686 .bg {\n  background-position: 47% 42%;\n}\n<\/style>\n  <\/div>\n\n\r\n\t<section class=\"section\" id=\"section_1620091964\">\n\t\t<div class=\"bg section-bg fill bg-fill  bg-loaded\" >\n\n\t\t\t\n\t\t\t\n\t\t\t\n\n\t\t<\/div>\n\n\t\t<div class=\"section-content relative\">\n\t\t\t\r\n\r\n<div class=\"row\"  id=\"row-1852714672\">\r\n\r\n\n\t<div id=\"col-1187968236\" class=\"col medium-3 small-12 large-3\"  >\n\t\t<div class=\"col-inner\"  >\n\t\t\t\n\t\t\t\r\n\r\n<ul class=\"sidebar-wrapper ul-reset widget-page\"><div class=\"widget_text widget-content\"><div class=\"textwidget custom-html-widget\"><!--<div class=\"sidebar-box\">\r\n\t<div class=\"control\">\r\n\t\t<img decoding=\"async\" style=\"margin-bottom: 20px\" src=\"https:\/\/iglesiaslasarenasromo.org\/wp-content\/uploads\/2021\/06\/catequesis.jpg\">\r\n\t\t<p class=\"title\" style=\"margin-bottom:30px\">\r\n\t\t\tLa \"cate\" en casa<\/p>\r\n\t\t<p class=\"texto\">\r\n\t\t\tY de repente, un d\u00eda se cancel\u00f3 la catequesis. Se cerr\u00f3 la parroquia. \u00bfY ahora qu\u00e9 hacemos? Como  tantas  cosas que se reinventaron, tambi\u00e9n  nosotros buscamos un camino a seguir. \r\nLa di\u00f3cesis nos propuso un plan que nos gust\u00f3 y nos embarcamos en \u00e9l.\r\n\t\t<\/p>\r\n\t\t<\/div>\r\n<\/div>--><\/div><\/div><div class=\"widget-content\"><h3 class=\"widget-title\">Sakramentuak<\/h3><div class=\"menu-sacramentos-euskera-container\"><ul id=\"menu-sacramentos-euskera\" class=\"menu\"><li id=\"menu-item-811\" class=\"menu-item menu-item-type-post_type menu-item-object-page menu-item-811\"><a href=\"https:\/\/iglesiaslasarenasromo.org\/eu\/sacramento-bautismo\/\">Bataioa<\/a><\/li>\n<li id=\"menu-item-812\" class=\"menu-item menu-item-type-post_type menu-item-object-page menu-item-812\"><a href=\"https:\/\/iglesiaslasarenasromo.org\/eu\/comunion\/\">Jaunartzea<\/a><\/li>\n<li id=\"menu-item-813\" class=\"menu-item menu-item-type-post_type menu-item-object-page menu-item-813\"><a href=\"https:\/\/iglesiaslasarenasromo.org\/eu\/confirmacion\/\">Konfirmazioa<\/a><\/li>\n<li id=\"menu-item-814\" class=\"menu-item menu-item-type-post_type menu-item-object-page menu-item-814\"><a href=\"https:\/\/iglesiaslasarenasromo.org\/eu\/matrimonio\/\">Ezkontza<\/a><\/li>\n<li id=\"menu-item-815\" class=\"menu-item menu-item-type-post_type menu-item-object-page menu-item-815\"><a href=\"https:\/\/iglesiaslasarenasromo.org\/eu\/uncion-a-enfermos\/\">Gaixoen Oliadura<\/a><\/li>\n<\/ul><\/div><\/div><div class=\"widget-content\"><h3 class=\"widget-title\">Ordutegiak<\/h3><div class=\"menu-horarios-euskera-container\"><ul id=\"menu-horarios-euskera\" class=\"menu\"><li id=\"menu-item-816\" class=\"menu-item menu-item-type-post_type menu-item-object-page menu-item-816\"><a href=\"https:\/\/iglesiaslasarenasromo.org\/eu\/horarios-de-misas\/\">Mezen ordutegia<\/a><\/li>\n<li id=\"menu-item-817\" class=\"menu-item menu-item-type-post_type menu-item-object-page menu-item-817\"><a href=\"https:\/\/iglesiaslasarenasromo.org\/eu\/horario-de-oficinas-parroquiales\/\">Parrokiako bulegoen ordutegia<\/a><\/li>\n<\/ul><\/div><\/div><div class=\"widget_text widget-content\"><div class=\"textwidget custom-html-widget\"><!--<div class=\"sidebar-box\">\r\n\t<div class=\"control\">\r\n\t\t<img decoding=\"async\" style=\"margin-bottom: 20px\" src=\"https:\/\/iglesiaslasarenasromo.org\/wp-content\/uploads\/2021\/06\/catequesis.jpg\">\r\n\t\t<p class=\"title\" style=\"margin-bottom:30px\">\r\n\t\t\t\"Kate\" etxean<\/p>\r\n\t\t<p class=\"texto\">\r\n\t\t\tEta bat-batean, egun batean katekesia bertan behera geratu zen. Parrokia itxi zen. Eta orain zer egingo dugu? Berrasmatu ziren gauza asko bezala, guk ere jarraitu beharreko bide bat bilatzen dugu.\r\nElizbarrutiak gustatu zitzaigun plan bat proposatu zigun eta bertan murgildu ginen.\r\n\t\t<\/p>\r\n\t\t<\/div>\r\n<\/div>--><\/div><\/div><\/ul>\r\n\r\n\r\n\t\t<\/div>\n\t\t\t<\/div>\n\n\t\r\n\n\t<div id=\"col-449772610\" class=\"col text-control medium-9 small-12 large-9 small-col-first\"  >\n\t\t<div class=\"col-inner\"  >\n\t\t\t\n\t\t\t\r\n\r\n<div class=\"container section-title-container\" ><h2 class=\"section-title section-title-normal\"><b><\/b><span class=\"section-title-main\" >Gaixoen Oliadura<\/span><b><\/b><\/h2><\/div>\r\n\r\n\t<div class=\"img has-hover x md-x lg-x y md-y lg-y\" id=\"image_538507561\">\n\t\t\t\t\t\t\t\t<div class=\"img-inner dark\" >\n\t\t\t<img loading=\"lazy\" decoding=\"async\" width=\"814\" height=\"542\" src=\"https:\/\/iglesiaslasarenasromo.org\/wp-content\/uploads\/2021\/06\/uncion-enfermos.jpg\" class=\"attachment-large size-large\" alt=\"\" srcset=\"https:\/\/iglesiaslasarenasromo.org\/wp-content\/uploads\/2021\/06\/uncion-enfermos.jpg 814w, https:\/\/iglesiaslasarenasromo.org\/wp-content\/uploads\/2021\/06\/uncion-enfermos-300x200.jpg 300w, https:\/\/iglesiaslasarenasromo.org\/wp-content\/uploads\/2021\/06\/uncion-enfermos-768x511.jpg 768w\" sizes=\"auto, (max-width: 814px) 100vw, 814px\" \/>\t\t\t\t\t\t\n\t\t\t\t\t<\/div>\n\t\t\t\t\t\t\t\t\n<style>\n#image_538507561 {\n  width: 100%;\n}\n<\/style>\n\t<\/div>\n\t\r\n\r\n<blockquote>\r\n<p>Zuetako norbait sufritzen dagoela?Egin dezala otoitz.<\/p>\r\n<p>Pozik dagoela?Kanta ditzala gorazarreak.<\/p>\r\n<p>Zuetako Norbait gaixo dagoela? Dei egin diezaiela eliz arduradunei, gaixoaren alde otoitz egin eta Jaunaren izenean olioz igurtz dezaten.<\/p>\r\n<p><b>(Sant. 5,13-15).<\/b><\/p>\r\n<\/blockquote>\r\n<p class=\"p1\">Santiago apostoluaren hitz horiek erakusten digutenez, Elizaren hasieratik arreta erlijiosoa oso zaindua zegoen gaixoentzat.<\/p>\r\n<p class=\"p2\">Elizaren historia osoan arreta eta kezka hori etengabea izan da. Gure parrokia-erkidegoan ere egiten da misio hori.<\/p>\r\n<p class=\"p1\">Izan ere, pertsona talde bat daukagu (<b>Osasunaren Pastoral Taldea<\/b>), Jaunartzea eman eta hura eramateko prestatuta gaixoei Erkidegoko ospakizunetan parte hartu ezin dutenei.<\/p>\r\n<p class=\"p3\">Era berean, adineko edo gaixo horiek Gaixoen Oliadura Sakramentua jaso nahi badute, jarri harremanetan apaizekin.<\/p>\r\n<p><span style=\"color: #333333;\">Jaunartzea etxera eramatea nahi dutenek, parrokiarekin harremanetan jartzen direnek, beren telefono zenbakia uzten dutenek eta Luisak haiekin harremanetan jartzen direnek antolatzeko.<\/span><\/p>\r\n<p><span style=\"color: #333333;\">Era berean, adinekoek edo gaixoek Barkamenaren Sakramentua (aitorpena) edo Gaixoen Gantzuduraren Sakramentua jaso nahi badute, sakristian edo Las Mercedes, Santa Ana edo San Jos\u00e9 Obreroko parrokiako bulegoan eman dezakete izena, jaso nahi duenaren izena, telefonoa eta helbidea emanez.<\/span><\/p>\r\n<blockquote>\r\n<p>\u201cGaixo eta ikustera etorri\u201d Jesus. (Mat. 25,36)<\/p>\r\n<\/blockquote>\r\n<p>\u00a0<\/p>\r\n\r\n\t\t<\/div>\n\t\t\t<\/div>\n\n\t\r\n\r\n<\/div>\r\n\r\n\t\t<\/div>\n\n\t\t\n<style>\n#section_1620091964 {\n  padding-top: 30px;\n  padding-bottom: 30px;\n}\n<\/style>\n\t<\/section>\n\t\r\n<\/p>","protected":false},"excerpt":{"rendered":"","protected":false},"author":1,"featured_media":0,"parent":0,"menu_order":0,"comment_status":"closed","ping_status":"closed","template":"page-blank.php","meta":{"footnotes":""},"class_list":["post-651","page","type-page","status-publish","hentry"],"yoast_head":"<!-- This site is optimized with the Yoast SEO plugin v27.4 - https:\/\/yoast.com\/product\/yoast-seo-wordpress\/ -->\n<title>Gaixoen Oliadura - Iglesias de Las Arenas y Romo<\/title>\n<meta name=\"robots\" content=\"index, follow, max-snippet:-1, max-image-preview:large, max-video-preview:-1\" \/>\n<link rel=\"canonical\" href=\"https:\/\/iglesiaslasarenasromo.org\/eu\/uncion-a-enfermos\/\" \/>\n<meta property=\"og:locale\" content=\"eu_ES\" \/>\n<meta property=\"og:type\" content=\"article\" \/>\n<meta property=\"og:title\" content=\"Gaixoen Oliadura - Iglesias de Las Arenas y Romo\" \/>\n<meta property=\"og:url\" content=\"https:\/\/iglesiaslasarenasromo.org\/eu\/uncion-a-enfermos\/\" \/>\n<meta property=\"og:site_name\" content=\"Iglesias de Las Arenas y Romo\" \/>\n<meta property=\"article:modified_time\" content=\"2025-10-09T06:38:55+00:00\" \/>\n<meta name=\"twitter:card\" content=\"summary_large_image\" \/>\n<meta name=\"twitter:label1\" content=\"Est. reading time\" \/>\n\t<meta name=\"twitter:data1\" content=\"1 minute\" \/>\n<script type=\"application\/ld+json\" class=\"yoast-schema-graph\">{\"@context\":\"https:\\\/\\\/schema.org\",\"@graph\":[{\"@type\":\"WebPage\",\"@id\":\"https:\\\/\\\/iglesiaslasarenasromo.org\\\/eu\\\/uncion-a-enfermos\\\/\",\"url\":\"https:\\\/\\\/iglesiaslasarenasromo.org\\\/eu\\\/uncion-a-enfermos\\\/\",\"name\":\"Gaixoen Oliadura - Iglesias de Las Arenas y Romo\",\"isPartOf\":{\"@id\":\"https:\\\/\\\/iglesiaslasarenasromo.org\\\/#website\"},\"datePublished\":\"2021-05-14T11:00:12+00:00\",\"dateModified\":\"2025-10-09T06:38:55+00:00\",\"inLanguage\":\"eu-ES\",\"potentialAction\":[{\"@type\":\"ReadAction\",\"target\":[\"https:\\\/\\\/iglesiaslasarenasromo.org\\\/eu\\\/uncion-a-enfermos\\\/\"]}]},{\"@type\":\"WebSite\",\"@id\":\"https:\\\/\\\/iglesiaslasarenasromo.org\\\/#website\",\"url\":\"https:\\\/\\\/iglesiaslasarenasromo.org\\\/\",\"name\":\"Iglesias de Las Arenas y Romo\",\"description\":\"\",\"potentialAction\":[{\"@type\":\"SearchAction\",\"target\":{\"@type\":\"EntryPoint\",\"urlTemplate\":\"https:\\\/\\\/iglesiaslasarenasromo.org\\\/?s={search_term_string}\"},\"query-input\":{\"@type\":\"PropertyValueSpecification\",\"valueRequired\":true,\"valueName\":\"search_term_string\"}}],\"inLanguage\":\"eu-ES\"}]}<\/script>\n<!-- \/ Yoast SEO plugin. -->","yoast_head_json":{"title":"Gaixoen Oliadura - Iglesias de Las Arenas y Romo","robots":{"index":"index","follow":"follow","max-snippet":"max-snippet:-1","max-image-preview":"max-image-preview:large","max-video-preview":"max-video-preview:-1"},"canonical":"https:\/\/iglesiaslasarenasromo.org\/eu\/uncion-a-enfermos\/","og_locale":"eu_ES","og_type":"article","og_title":"Gaixoen Oliadura - Iglesias de Las Arenas y Romo","og_url":"https:\/\/iglesiaslasarenasromo.org\/eu\/uncion-a-enfermos\/","og_site_name":"Iglesias de Las Arenas y Romo","article_modified_time":"2025-10-09T06:38:55+00:00","twitter_card":"summary_large_image","twitter_misc":{"Est. reading time":"1 minute"},"schema":{"@context":"https:\/\/schema.org","@graph":[{"@type":"WebPage","@id":"https:\/\/iglesiaslasarenasromo.org\/eu\/uncion-a-enfermos\/","url":"https:\/\/iglesiaslasarenasromo.org\/eu\/uncion-a-enfermos\/","name":"Gaixoen Oliadura - Iglesias de Las Arenas y Romo","isPartOf":{"@id":"https:\/\/iglesiaslasarenasromo.org\/#website"},"datePublished":"2021-05-14T11:00:12+00:00","dateModified":"2025-10-09T06:38:55+00:00","inLanguage":"eu-ES","potentialAction":[{"@type":"ReadAction","target":["https:\/\/iglesiaslasarenasromo.org\/eu\/uncion-a-enfermos\/"]}]},{"@type":"WebSite","@id":"https:\/\/iglesiaslasarenasromo.org\/#website","url":"https:\/\/iglesiaslasarenasromo.org\/","name":"Iglesias de Las Arenas y Romo","description":"","potentialAction":[{"@type":"SearchAction","target":{"@type":"EntryPoint","urlTemplate":"https:\/\/iglesiaslasarenasromo.org\/?s={search_term_string}"},"query-input":{"@type":"PropertyValueSpecification","valueRequired":true,"valueName":"search_term_string"}}],"inLanguage":"eu-ES"}]}},"_links":{"self":[{"href":"https:\/\/iglesiaslasarenasromo.org\/eu\/wp-json\/wp\/v2\/pages\/651","targetHints":{"allow":["GET"]}}],"collection":[{"href":"https:\/\/iglesiaslasarenasromo.org\/eu\/wp-json\/wp\/v2\/pages"}],"about":[{"href":"https:\/\/iglesiaslasarenasromo.org\/eu\/wp-json\/wp\/v2\/types\/page"}],"author":[{"embeddable":true,"href":"https:\/\/iglesiaslasarenasromo.org\/eu\/wp-json\/wp\/v2\/users\/1"}],"replies":[{"embeddable":true,"href":"https:\/\/iglesiaslasarenasromo.org\/eu\/wp-json\/wp\/v2\/comments?post=651"}],"version-history":[{"count":15,"href":"https:\/\/iglesiaslasarenasromo.org\/eu\/wp-json\/wp\/v2\/pages\/651\/revisions"}],"predecessor-version":[{"id":3329,"href":"https:\/\/iglesiaslasarenasromo.org\/eu\/wp-json\/wp\/v2\/pages\/651\/revisions\/3329"}],"wp:attachment":[{"href":"https:\/\/iglesiaslasarenasromo.org\/eu\/wp-json\/wp\/v2\/media?parent=651"}],"curies":[{"name":"wp","href":"https:\/\/api.w.org\/{rel}","templated":true}]}}